{"id":157,"date":"2024-05-09T12:26:01","date_gmt":"2024-05-09T12:26:01","guid":{"rendered":"http:\/\/www.shuhari-hamburg.de\/?page_id=157"},"modified":"2024-05-14T18:27:50","modified_gmt":"2024-05-14T18:27:50","slug":"news","status":"publish","type":"page","link":"https:\/\/www.shuhari-hamburg.de\/en\/news\/","title":{"rendered":"NEWS"},"content":{"rendered":"\n<div class=\"wp-block-query has-global-padding is-layout-constrained wp-block-query-is-layout-constrained\">\n\n\n<div class=\"wp-block-group is-layout-flow wp-block-group-is-layout-flow\" style=\"margin-top:0;margin-bottom:0;padding-top:var(--wp--preset--spacing--50);padding-right:0;padding-bottom:var(--wp--preset--spacing--50);padding-left:0\"><ul class=\"alignfull wp-block-post-template is-layout-flow wp-container-core-post-template-is-layout-09c064ec wp-block-post-template-is-layout-flow\"><li class=\"wp-block-post post-490 post type-post status-publish format-standard has-post-thumbnail hentry category-hamburg category-weihnachtsfeier tag-weihnachtsfeier\">\n<figure style=\"aspect-ratio:3\/2; margin-bottom:var(--wp--preset--spacing--20);\" class=\"wp-block-post-featured-image\"><a href=\"https:\/\/www.shuhari-hamburg.de\/en\/hamburg\/weihnachtsfeier-am-22-11-2025\/\" target=\"_self\"  ><img loading=\"lazy\" decoding=\"async\" width=\"1989\" height=\"1020\" src=\"https:\/\/www.shuhari-hamburg.de\/wp-content\/uploads\/2025\/12\/image_2025-12-02_180544194.png\" class=\"attachment-post-thumbnail size-post-thumbnail wp-post-image\" alt=\"Weihnachtsfeier am 22.11.2025\" style=\"width:100%;height:100%;object-fit:cover;\" srcset=\"https:\/\/www.shuhari-hamburg.de\/wp-content\/uploads\/2025\/12\/image_2025-12-02_180544194.png 1989w, https:\/\/www.shuhari-hamburg.de\/wp-content\/uploads\/2025\/12\/image_2025-12-02_180544194-300x154.png 300w, https:\/\/www.shuhari-hamburg.de\/wp-content\/uploads\/2025\/12\/image_2025-12-02_180544194-1024x525.png 1024w, https:\/\/www.shuhari-hamburg.de\/wp-content\/uploads\/2025\/12\/image_2025-12-02_180544194-768x394.png 768w, https:\/\/www.shuhari-hamburg.de\/wp-content\/uploads\/2025\/12\/image_2025-12-02_180544194-1536x788.png 1536w\" sizes=\"auto, (max-width: 1989px) 100vw, 1989px\" \/><\/a><\/figure>\n\n\n<div class=\"wp-block-group is-vertical is-nowrap is-layout-flex wp-container-core-group-is-layout-9bc6ff26 wp-block-group-is-layout-flex\"><h2 style=\"margin-bottom:0;\" class=\"wp-block-post-title has-x-large-font-size\"><a href=\"https:\/\/www.shuhari-hamburg.de\/en\/hamburg\/weihnachtsfeier-am-22-11-2025\/\" target=\"_self\" >Weihnachtsfeier am 22.11.2025<\/a><\/h2>\n\n<div class=\"wp-block-template-part\">\n\n<div class=\"wp-block-group has-global-padding is-layout-constrained wp-block-group-is-layout-constrained\">\n\t\n\t<div class=\"wp-block-group is-content-justification-left is-layout-flex wp-container-core-group-is-layout-dfe8e91f wp-block-group-is-layout-flex\">\n\t\t<div class=\"wp-block-post-date\"><time datetime=\"2025-12-02T19:05:07+02:00\"><a href=\"https:\/\/www.shuhari-hamburg.de\/en\/hamburg\/weihnachtsfeier-am-22-11-2025\/\">Dec 2, 2025<\/a><\/time><\/div>\n\n\t\t\n\t\t<p class=\"has-contrast-2-color has-text-color\">\u2014<\/p>\n\t\t\n\n\t\t\n\t\t<p class=\"has-small-font-size has-contrast-2-color has-text-color\">by<\/p>\n\t\t\n\n\t\t<div class=\"wp-block-post-author-name\"><a href=\"https:\/\/www.shuhari-hamburg.de\/en\/author\/chiara\/\" target=\"_self\" class=\"wp-block-post-author-name__link\">Chiara Wiegand<\/a><\/div>\n\n\t\t<div class=\"taxonomy-category wp-block-post-terms\"><span class=\"wp-block-post-terms__prefix\">in <\/span><a href=\"https:\/\/www.shuhari-hamburg.de\/en\/category\/hamburg\/\" rel=\"tag\">Hamburg<\/a><span class=\"wp-block-post-terms__separator\">, <\/span><a href=\"https:\/\/www.shuhari-hamburg.de\/en\/category\/weihnachtsfeier\/\" rel=\"tag\">Weihnachtsfeier<\/a><\/div>\n\n\t<\/div>\n\t\n<\/div>\n\n\n<\/div>\n\n<div class=\"wp-block-post-excerpt has-small-font-size\"><p class=\"wp-block-post-excerpt__excerpt\">Am Samstag fanden nicht nur Pr\u00fcfungen statt, sondern luden wir auch zu einer kleinen Weihnachtsfeier bei Dubrovnik in Ei\u00dfendorf ein. Das Essen war lecker, die Stimmung war toll und es wurde mit vollem Einsatz gewichtelt. Im Anschluss konnten wir den Abend entspannt beim Kegeln ausklingen lassen. Auf dass das n\u00e4chste Jahr genauso sch\u00f6n wird, wie&hellip; <\/p><\/div>\n\n\n<div style=\"height:0px\" aria-hidden=\"true\" class=\"wp-block-spacer wp-container-content-32e3a40d\"><\/div>\n<\/div>\n\n<\/li><li class=\"wp-block-post post-489 post type-post status-publish format-standard has-post-thumbnail hentry category-hamburg category-pruefung tag-pruefung\">\n<figure style=\"aspect-ratio:3\/2; margin-bottom:var(--wp--preset--spacing--20);\" class=\"wp-block-post-featured-image\"><a href=\"https:\/\/www.shuhari-hamburg.de\/en\/hamburg\/pruefung-am-22-11-2025\/\" target=\"_self\"  ><img loading=\"lazy\" decoding=\"async\" width=\"1282\" height=\"859\" src=\"https:\/\/www.shuhari-hamburg.de\/wp-content\/uploads\/2025\/12\/WhatsApp_Image_2025-12-02_at_17.21.25_66c44702.jpg\" class=\"attachment-post-thumbnail size-post-thumbnail wp-post-image\" alt=\"Pr\u00fcfung am 22.11.2025\" style=\"width:100%;height:100%;object-fit:cover;\" srcset=\"https:\/\/www.shuhari-hamburg.de\/wp-content\/uploads\/2025\/12\/WhatsApp_Image_2025-12-02_at_17.21.25_66c44702.jpg 1282w, https:\/\/www.shuhari-hamburg.de\/wp-content\/uploads\/2025\/12\/WhatsApp_Image_2025-12-02_at_17.21.25_66c44702-300x201.jpg 300w, https:\/\/www.shuhari-hamburg.de\/wp-content\/uploads\/2025\/12\/WhatsApp_Image_2025-12-02_at_17.21.25_66c44702-1024x686.jpg 1024w, https:\/\/www.shuhari-hamburg.de\/wp-content\/uploads\/2025\/12\/WhatsApp_Image_2025-12-02_at_17.21.25_66c44702-768x515.jpg 768w\" sizes=\"auto, (max-width: 1282px) 100vw, 1282px\" \/><\/a><\/figure>\n\n\n<div class=\"wp-block-group is-vertical is-nowrap is-layout-flex wp-container-core-group-is-layout-9bc6ff26 wp-block-group-is-layout-flex\"><h2 style=\"margin-bottom:0;\" class=\"wp-block-post-title has-x-large-font-size\"><a href=\"https:\/\/www.shuhari-hamburg.de\/en\/hamburg\/pruefung-am-22-11-2025\/\" target=\"_self\" >Pr\u00fcfung am 22.11.2025<\/a><\/h2>\n\n<div class=\"wp-block-template-part\">\n\n<div class=\"wp-block-group has-global-padding is-layout-constrained wp-block-group-is-layout-constrained\">\n\t\n\t<div class=\"wp-block-group is-content-justification-left is-layout-flex wp-container-core-group-is-layout-dfe8e91f wp-block-group-is-layout-flex\">\n\t\t<div class=\"wp-block-post-date\"><time datetime=\"2025-12-02T19:04:56+02:00\"><a href=\"https:\/\/www.shuhari-hamburg.de\/en\/hamburg\/pruefung-am-22-11-2025\/\">Dec 2, 2025<\/a><\/time><\/div>\n\n\t\t\n\t\t<p class=\"has-contrast-2-color has-text-color\">\u2014<\/p>\n\t\t\n\n\t\t\n\t\t<p class=\"has-small-font-size has-contrast-2-color has-text-color\">by<\/p>\n\t\t\n\n\t\t<div class=\"wp-block-post-author-name\"><a href=\"https:\/\/www.shuhari-hamburg.de\/en\/author\/chiara\/\" target=\"_self\" class=\"wp-block-post-author-name__link\">Chiara Wiegand<\/a><\/div>\n\n\t\t<div class=\"taxonomy-category wp-block-post-terms\"><span class=\"wp-block-post-terms__prefix\">in <\/span><a href=\"https:\/\/www.shuhari-hamburg.de\/en\/category\/hamburg\/\" rel=\"tag\">Hamburg<\/a><span class=\"wp-block-post-terms__separator\">, <\/span><a href=\"https:\/\/www.shuhari-hamburg.de\/en\/category\/pruefung\/\" rel=\"tag\">Pr\u00fcfung<\/a><\/div>\n\n\t<\/div>\n\t\n<\/div>\n\n\n<\/div>\n\n<div class=\"wp-block-post-excerpt has-small-font-size\"><p class=\"wp-block-post-excerpt__excerpt\">Am Samstag, den 22.11., konnten wir wieder eine tolle Pr\u00fcfung veranstalten! Es war ein langer Vormittag und sowohl Gro\u00df als auch Klein haben wirklich alles gegeben und konnten so den n\u00e4chsten G\u00fcrtel machen. Wir sind sehr stolz auf alle und freuen uns \u00fcber diesen tollen Jahresabschluss! <\/p><\/div>\n\n\n<div style=\"height:0px\" aria-hidden=\"true\" class=\"wp-block-spacer wp-container-content-32e3a40d\"><\/div>\n<\/div>\n\n<\/li><li class=\"wp-block-post post-459 post type-post status-publish format-standard has-post-thumbnail hentry category-hamburg category-pruefung tag-pruefung\">\n<figure style=\"aspect-ratio:3\/2; margin-bottom:var(--wp--preset--spacing--20);\" class=\"wp-block-post-featured-image\"><a href=\"https:\/\/www.shuhari-hamburg.de\/en\/hamburg\/pruefung-am-17-05-2025\/\" target=\"_self\"  ><img loading=\"lazy\" decoding=\"async\" width=\"2560\" height=\"1707\" src=\"https:\/\/www.shuhari-hamburg.de\/wp-content\/uploads\/2025\/05\/IMG_0674-final-scaled.png\" class=\"attachment-post-thumbnail size-post-thumbnail wp-post-image\" alt=\"Pr\u00fcfung am 17.05.2025\" style=\"width:100%;height:100%;object-fit:cover;\" srcset=\"https:\/\/www.shuhari-hamburg.de\/wp-content\/uploads\/2025\/05\/IMG_0674-final-scaled.png 2560w, https:\/\/www.shuhari-hamburg.de\/wp-content\/uploads\/2025\/05\/IMG_0674-final-300x200.png 300w, https:\/\/www.shuhari-hamburg.de\/wp-content\/uploads\/2025\/05\/IMG_0674-final-1024x683.png 1024w, https:\/\/www.shuhari-hamburg.de\/wp-content\/uploads\/2025\/05\/IMG_0674-final-768x512.png 768w, https:\/\/www.shuhari-hamburg.de\/wp-content\/uploads\/2025\/05\/IMG_0674-final-1536x1024.png 1536w, https:\/\/www.shuhari-hamburg.de\/wp-content\/uploads\/2025\/05\/IMG_0674-final-2048x1366.png 2048w\" sizes=\"auto, (max-width: 2560px) 100vw, 2560px\" \/><\/a><\/figure>\n\n\n<div class=\"wp-block-group is-vertical is-nowrap is-layout-flex wp-container-core-group-is-layout-9bc6ff26 wp-block-group-is-layout-flex\"><h2 style=\"margin-bottom:0;\" class=\"wp-block-post-title has-x-large-font-size\"><a href=\"https:\/\/www.shuhari-hamburg.de\/en\/hamburg\/pruefung-am-17-05-2025\/\" target=\"_self\" >Pr\u00fcfung am 17.05.2025<\/a><\/h2>\n\n<div class=\"wp-block-template-part\">\n\n<div class=\"wp-block-group has-global-padding is-layout-constrained wp-block-group-is-layout-constrained\">\n\t\n\t<div class=\"wp-block-group is-content-justification-left is-layout-flex wp-container-core-group-is-layout-dfe8e91f wp-block-group-is-layout-flex\">\n\t\t<div class=\"wp-block-post-date\"><time datetime=\"2025-05-29T17:46:12+02:00\"><a href=\"https:\/\/www.shuhari-hamburg.de\/en\/hamburg\/pruefung-am-17-05-2025\/\">May 29, 2025<\/a><\/time><\/div>\n\n\t\t\n\t\t<p class=\"has-contrast-2-color has-text-color\">\u2014<\/p>\n\t\t\n\n\t\t\n\t\t<p class=\"has-small-font-size has-contrast-2-color has-text-color\">by<\/p>\n\t\t\n\n\t\t<div class=\"wp-block-post-author-name\"><a href=\"https:\/\/www.shuhari-hamburg.de\/en\/author\/chiara\/\" target=\"_self\" class=\"wp-block-post-author-name__link\">Chiara Wiegand<\/a><\/div>\n\n\t\t<div class=\"taxonomy-category wp-block-post-terms\"><span class=\"wp-block-post-terms__prefix\">in <\/span><a href=\"https:\/\/www.shuhari-hamburg.de\/en\/category\/hamburg\/\" rel=\"tag\">Hamburg<\/a><span class=\"wp-block-post-terms__separator\">, <\/span><a href=\"https:\/\/www.shuhari-hamburg.de\/en\/category\/pruefung\/\" rel=\"tag\">Pr\u00fcfung<\/a><\/div>\n\n\t<\/div>\n\t\n<\/div>\n\n\n<\/div>\n\n<div class=\"wp-block-post-excerpt has-small-font-size\"><p class=\"wp-block-post-excerpt__excerpt\">Am Samstag, den 17. Mai, war es wieder Zeit f\u00fcr Pr\u00fcfungen! Dort konnten unsere Kinder, aber auch einige Erwachsene, wieder ihr K\u00f6nnen unter Beweis stellen. Trotz anf\u00e4nglicher Nervosit\u00e4t haben uns die Pr\u00fcflinge sehr beeindrucken k\u00f6nnen und es hat wie immer sehr viel Spa\u00df gemacht! <\/p><\/div>\n\n\n<div style=\"height:0px\" aria-hidden=\"true\" class=\"wp-block-spacer wp-container-content-32e3a40d\"><\/div>\n<\/div>\n\n<\/li><\/ul>\n\n\n<div style=\"margin-top:0;margin-bottom:0;height:var(--wp--preset--spacing--50)\" aria-hidden=\"true\" class=\"wp-block-spacer\"><\/div>\n\n\n<nav class=\"wp-block-query-pagination is-content-justification-space-between is-layout-flex wp-container-core-query-pagination-is-layout-b2891da8 wp-block-query-pagination-is-layout-flex\" aria-label=\"Pagination\">\n\n\n<a href=\"\/en\/wp-json\/wp\/v2\/pages\/157?query-81-page=2\" class=\"wp-block-query-pagination-next\">Next Page<span class='wp-block-query-pagination-next-arrow is-arrow-arrow' aria-hidden='true'>\u2192<\/span><\/a>\n<\/nav><\/div>\n<\/div>\n","protected":false},"excerpt":{"rendered":"<p>No posts were found.<\/p>\n","protected":false},"author":1,"featured_media":0,"parent":0,"menu_order":0,"comment_status":"closed","ping_status":"closed","template":"","meta":{"footnotes":""},"class_list":["post-157","page","type-page","status-publish","hentry"],"_links":{"self":[{"href":"https:\/\/www.shuhari-hamburg.de\/en\/wp-json\/wp\/v2\/pages\/157","targetHints":{"allow":["GET"]}}],"collection":[{"href":"https:\/\/www.shuhari-hamburg.de\/en\/wp-json\/wp\/v2\/pages"}],"about":[{"href":"https:\/\/www.shuhari-hamburg.de\/en\/wp-json\/wp\/v2\/types\/page"}],"author":[{"embeddable":true,"href":"https:\/\/www.shuhari-hamburg.de\/en\/wp-json\/wp\/v2\/users\/1"}],"replies":[{"embeddable":true,"href":"https:\/\/www.shuhari-hamburg.de\/en\/wp-json\/wp\/v2\/comments?post=157"}],"version-history":[{"count":0,"href":"https:\/\/www.shuhari-hamburg.de\/en\/wp-json\/wp\/v2\/pages\/157\/revisions"}],"wp:attachment":[{"href":"https:\/\/www.shuhari-hamburg.de\/en\/wp-json\/wp\/v2\/media?parent=157"}],"curies":[{"name":"wp","href":"https:\/\/api.w.org\/{rel}","templated":true}]}}