{"id":14,"date":"2024-04-02T18:53:11","date_gmt":"2024-04-02T18:53:11","guid":{"rendered":"http:\/\/www.shuhari-hamburg.de\/?page_id=14"},"modified":"2025-12-20T13:12:00","modified_gmt":"2025-12-20T11:12:00","slug":"impressum","status":"publish","type":"page","link":"https:\/\/www.shuhari-hamburg.de\/en\/impressum\/","title":{"rendered":"IMPRESSUM"},"content":{"rendered":"\n<h1 class=\"wp-block-heading has-large-font-size\">Shu-Ha-Ri Hamburg e.V.<\/h1>\n\n\n\n<p><\/p>\n\n\n\n<p>Gro\u00dfe Stra\u00dfe 160e<br>21075 Hamburg<br>Telefon: +49 (0)40\/36194014<br>E-Mail:&nbsp;<a href=\"mailto:info@shuhari-hamburg.de\">info@shuhari-hamburg.de<\/a><\/p>\n\n\n\n<div style=\"height:30px\" aria-hidden=\"true\" class=\"wp-block-spacer\"><\/div>\n\n\n\n<hr class=\"wp-block-separator has-alpha-channel-opacity is-style-wide\"\/>\n\n\n\n<div style=\"height:30px\" aria-hidden=\"true\" class=\"wp-block-spacer\"><\/div>\n\n\n\n<p><strong>Vertretungsberechtigt:<\/strong><\/p>\n\n\n\n<p><strong><br><\/strong>1. Vorsitzender: Stefan Wiegand<br>Gro\u00dfe Stra\u00dfe 160e<br>21075 Hamburg<br>Telefon: +49 (0)40\/36194014<br>E-Mail:&nbsp;<a href=\"mailto:stefan@shuhari-hamburg.de\">stefan@shuhari-hamburg.de<\/a><\/p>\n\n\n\n<div style=\"height:30px\" aria-hidden=\"true\" class=\"wp-block-spacer\"><\/div>\n\n\n\n<p>2. Vorsitzende: Tanja Wiegand<br>Gro\u00dfe Stra\u00dfe 160e<br>21075 Hamburg<br>Telefon: +49 (0)40\/36194014<br>E-Mail:&nbsp;<a href=\"mailto:tanja@shuhari-hamburg.de\">tanja@shuhari-hamburg.de<\/a><\/p>\n\n\n\n<hr class=\"wp-block-separator has-alpha-channel-opacity is-style-wide\" style=\"margin-top:var(--wp--preset--spacing--20);margin-bottom:var(--wp--preset--spacing--20)\"\/>\n\n\n\n<p>Kassenwartin: Chiara Wiegand<br>Alter Postweg 49<br>21075 Hamburg<br>Telefon: +49 (0)40\/36194014<br>E-Mail:\u00a0<a href=\"mailto:tanja@shuhari-hamburg.de\">chiara@shuhari-hamburg.de<\/a><\/p>\n\n\n\n<div style=\"height:30px\" aria-hidden=\"true\" class=\"wp-block-spacer\"><\/div>\n\n\n\n<p>Jugendwart: Ole L\u00fcnzmann<br>Maretstr. 58<br>21073 Hamburg<br>Telefon: +49 (0)157\/72426923<br>E-Mail:\u00a0<a href=\"mailto:tanja@shuhari-hamburg.de\">ole@shuhari-<\/a><a href=\"mailto:ole@shuhari-hamburg.de\">hamburg.de<\/a><br><br><br>Registergericht: Amtsgericht Hamburg<br>Registernummer: VR 24410<br>Steuernummer: 17\/441\/2018<\/p>\n\n\n\n<p>V.i.S.d \u00a7 55 Abs. 2 RStV<br>Stefan Wiegand<br>Gro\u00dfe Stra\u00dfe 160e<br>21075 Hamburg<\/p>\n\n\n\n<div style=\"height:51px\" aria-hidden=\"true\" class=\"wp-block-spacer\"><\/div>\n\n\n\n<h3 class=\"wp-block-heading\">Haftungs- und Schutzrechtshinweise<\/h3>\n\n\n\n<div style=\"height:40px\" aria-hidden=\"true\" class=\"wp-block-spacer\"><\/div>\n\n\n\n<h4 class=\"wp-block-heading\">Haftungsausschluss:<\/h4>\n\n\n\n<div style=\"height:20px\" aria-hidden=\"true\" class=\"wp-block-spacer\"><\/div>\n\n\n\n<p>Die Inhalte dieses Onlineangebotes wurden sorgf\u00e4ltig und nach unserem aktuellen Kenntnisstand erstellt, dienen jedoch nur der Information und entfalten keine rechtlich bindende Wirkung, sofern es sich nicht um gesetzlich verpflichtende Informationen (z.B. das Impressum, die Datenschutzerkl\u00e4rung, AGB oder verpflichtende Belehrungen von Verbrauchern) handelt. Wir behalten uns vor, die Inhalte vollst\u00e4ndig oder teilweise zu \u00e4ndern oder zu l\u00f6schen, soweit vertragliche Verpflichtungen unber\u00fchrt bleiben. Alle Angebote sind freibleibend und unverbindlich.<\/p>\n\n\n\n<div style=\"height:31px\" aria-hidden=\"true\" class=\"wp-block-spacer\"><\/div>\n\n\n\n<h4 class=\"wp-block-heading\">Links auf fremde Webseiten<\/h4>\n\n\n\n<div style=\"height:20px\" aria-hidden=\"true\" class=\"wp-block-spacer\"><\/div>\n\n\n\n<p>Inhalte fremder Webseiten, auf die wir direkt oder indirekt verweisen, liegen au\u00dferhalb unseres Verantwortungsbereiches und machen wir uns nicht zu Eigen. F\u00fcr alle Inhalte und insbesondere f\u00fcr Sch\u00e4den, die aus der Nutzung der in den verlinkten Webseiten aufrufbaren Informationen entstehen, haftet allein der Anbieter der verlinkten Webseiten.<\/p>\n\n\n\n<div style=\"height:31px\" aria-hidden=\"true\" class=\"wp-block-spacer\"><\/div>\n\n\n\n<h4 class=\"wp-block-heading\">Urheberrechte und Markenrechte:<\/h4>\n\n\n\n<div style=\"height:20px\" aria-hidden=\"true\" class=\"wp-block-spacer\"><\/div>\n\n\n\n<p>Alle auf dieser Website dargestellten Inhalte, wie Texte, Fotografien, Grafiken, Marken und Warenzeichen sind durch die jeweiligen Schutzrechte (Urheberrechte, Markenrechte) gesch\u00fctzt. Die Verwendung, Vervielf\u00e4ltigung usw. unterliegen unseren Rechten oder den Rechten der jeweiligen Urheber bzw. Rechteverwalter.<\/p>\n\n\n\n<div style=\"height:31px\" aria-hidden=\"true\" class=\"wp-block-spacer\"><\/div>\n\n\n\n<h4 class=\"wp-block-heading\">Hinweise auf Rechtsverst\u00f6\u00dfe:<\/h4>\n\n\n\n<div style=\"height:20px\" aria-hidden=\"true\" class=\"wp-block-spacer\"><\/div>\n\n\n\n<p>Sollten Sie innerhalb unseres Internetauftritts Rechtsverst\u00f6\u00dfe bemerken, bitten wir Sie uns auf diese hinzuweisen. Wir werden rechtswidrige Inhalte und Links nach Kenntnisnahme unverz\u00fcglich entfernen.<\/p>\n","protected":false},"excerpt":{"rendered":"<p>Shu-Ha-Ri Hamburg e.V. Gro\u00dfe Stra\u00dfe 160e21075 HamburgTelefon: +49 (0)40\/36194014E-Mail:&nbsp;info@shuhari-hamburg.de Vertretungsberechtigt: 1. Vorsitzender: Stefan WiegandGro\u00dfe Stra\u00dfe 160e21075 HamburgTelefon: +49 (0)40\/36194014E-Mail:&nbsp;stefan@shuhari-hamburg.de 2. Vorsitzende: Tanja WiegandGro\u00dfe Stra\u00dfe 160e21075 HamburgTelefon: +49 (0)40\/36194014E-Mail:&nbsp;tanja@shuhari-hamburg.de Kassenwartin: Chiara WiegandAlter Postweg 4921075 HamburgTelefon: +49 (0)40\/36194014E-Mail:\u00a0chiara@shuhari-hamburg.de Jugendwart: Ole L\u00fcnzmannMaretstr. 5821073 HamburgTelefon: +49 (0)157\/72426923E-Mail:\u00a0ole@shuhari-hamburg.de Registergericht: Amtsgericht HamburgRegisternummer: VR 24410Steuernummer: 17\/441\/2018 V.i.S.d \u00a7 55 Abs. 2 RStVStefan [&hellip;]<\/p>\n","protected":false},"author":1,"featured_media":0,"parent":0,"menu_order":0,"comment_status":"closed","ping_status":"closed","template":"","meta":{"footnotes":""},"class_list":["post-14","page","type-page","status-publish","hentry"],"_links":{"self":[{"href":"https:\/\/www.shuhari-hamburg.de\/en\/wp-json\/wp\/v2\/pages\/14","targetHints":{"allow":["GET"]}}],"collection":[{"href":"https:\/\/www.shuhari-hamburg.de\/en\/wp-json\/wp\/v2\/pages"}],"about":[{"href":"https:\/\/www.shuhari-hamburg.de\/en\/wp-json\/wp\/v2\/types\/page"}],"author":[{"embeddable":true,"href":"https:\/\/www.shuhari-hamburg.de\/en\/wp-json\/wp\/v2\/users\/1"}],"replies":[{"embeddable":true,"href":"https:\/\/www.shuhari-hamburg.de\/en\/wp-json\/wp\/v2\/comments?post=14"}],"version-history":[{"count":4,"href":"https:\/\/www.shuhari-hamburg.de\/en\/wp-json\/wp\/v2\/pages\/14\/revisions"}],"predecessor-version":[{"id":503,"href":"https:\/\/www.shuhari-hamburg.de\/en\/wp-json\/wp\/v2\/pages\/14\/revisions\/503"}],"wp:attachment":[{"href":"https:\/\/www.shuhari-hamburg.de\/en\/wp-json\/wp\/v2\/media?parent=14"}],"curies":[{"name":"wp","href":"https:\/\/api.w.org\/{rel}","templated":true}]}}